{"id":12,"date":"2023-01-02T23:48:18","date_gmt":"2023-01-02T20:48:18","guid":{"rendered":"http:\/\/localhost\/dokutech\/?page_id=12"},"modified":"2023-01-26T22:51:19","modified_gmt":"2023-01-26T19:51:19","slug":"career","status":"publish","type":"page","link":"https:\/\/dokutech.com.tr\/en\/career\/","title":{"rendered":"Career"},"content":{"rendered":"\n<div class=\"forminator-guttenberg gtfy-1\"><div class=\"forminator-ui forminator-custom-form forminator-custom-form-1100 forminator-design--flat  forminator_ajax\" data-forminator-render=\"0\" data-form=\"forminator-module-1100\" data-uid=\"69d0099c10312\"><br\/><\/div><form\n\t\t\t\tid=\"forminator-module-1100\"\n\t\t\t\tclass=\"forminator-ui forminator-custom-form forminator-custom-form-1100 forminator-design--flat  forminator_ajax\"\n\t\t\t\tmethod=\"post\"\n\t\t\t\tdata-forminator-render=\"0\"\n\t\t\t\tdata-form-id=\"1100\"\n\t\t\t\tenctype=\"multipart\/form-data\" data-color-option=\"default\" data-design=\"flat\" data-grid=\"open\" style=\"display: none;\"\n\t\t\t\tdata-uid=\"69d0099c10312\"\n\t\t\t><div role=\"alert\" aria-live=\"polite\" class=\"forminator-response-message forminator-error\" aria-hidden=\"true\"><\/div><div class=\"forminator-row\"><div id=\"name-1\" class=\"forminator-field-name forminator-col forminator-col-4 \"><div class=\"forminator-field\"><label for=\"forminator-field-name-1_69d0099c10312\" id=\"forminator-field-name-1_69d0099c10312-label\" class=\"forminator-label\">Ad\u0131n\u0131z Soyad\u0131n\u0131z <span class=\"forminator-required\">*<\/span><\/label><input type=\"text\" name=\"name-1\" value=\"\" placeholder=\"Ad\u0131n\u0131z Soyad\u0131n\u0131z\" id=\"forminator-field-name-1_69d0099c10312\" class=\"forminator-input forminator-name--field\" aria-required=\"true\" autocomplete=\"name\" \/><\/div><\/div><div id=\"phone-1\" class=\"forminator-field-phone forminator-col forminator-col-4 \"><div class=\"forminator-field\"><label for=\"forminator-field-phone-1_69d0099c10312\" id=\"forminator-field-phone-1_69d0099c10312-label\" class=\"forminator-label\">Telefon <span class=\"forminator-required\">*<\/span><\/label><input type=\"text\" name=\"phone-1\" value=\"\" placeholder=\"E.g. +1 300 400 5000\" id=\"forminator-field-phone-1_69d0099c10312\" class=\"forminator-input forminator-field--phone\" data-required=\"1\" aria-required=\"true\" autocomplete=\"off\" \/><\/div><\/div><div id=\"email-1\" class=\"forminator-field-email forminator-col forminator-col-4 \"><div class=\"forminator-field\"><label for=\"forminator-field-email-1_69d0099c10312\" id=\"forminator-field-email-1_69d0099c10312-label\" class=\"forminator-label\">E-posta Adresi <span class=\"forminator-required\">*<\/span><\/label><input type=\"email\" name=\"email-1\" value=\"\" placeholder=\"E.g. john@doe.com\" id=\"forminator-field-email-1_69d0099c10312\" class=\"forminator-input forminator-email--field\" data-required=\"1\" aria-required=\"true\" autocomplete=\"email\" \/><\/div><\/div><\/div><div class=\"forminator-row\"><div id=\"address-1\" class=\"forminator-field-address forminator-col forminator-col-6 \"><div class=\"forminator-row\"><div id=\"address-1-street_address\" class=\"forminator-col\"><div class=\"forminator-field\"><label for=\"forminator-field-address-1-street_address_69d0099c10312\" id=\"forminator-field-address-1-street_address_69d0099c10312-label\" class=\"forminator-label\">Sokak Adresi <span class=\"forminator-required\">*<\/span><\/label><input type=\"text\" name=\"address-1-street_address\" placeholder=\"E.g. 42 Wallaby Way\" id=\"forminator-field-address-1-street_address_69d0099c10312\" class=\"forminator-input\" data-required=\"1\" aria-required=\"true\" autocomplete=\"address-line1\" value=\"\" \/><\/div><\/div><\/div><\/div><div id=\"date-1\" class=\"forminator-field-date forminator-col forminator-col-6 \"><div class=\"forminator-field\"><label for=\"forminator-field-date-1-picker_69d0099c10312\" id=\"forminator-field-date-1-picker_69d0099c10312-label\" class=\"forminator-label\">Do\u011fum Tarihiniz <span class=\"forminator-required\">*<\/span><\/label><div class=\"forminator-input-with-icon\"><span class=\"forminator-icon-calendar\" aria-hidden=\"true\"><\/span><input autocomplete=\"off\" type=\"text\" size=\"1\" name=\"date-1\" value=\"\" placeholder=\"Tarih Se\u00e7\" id=\"forminator-field-date-1-picker_69d0099c10312\" class=\"forminator-input forminator-datepicker\" data-required=\"1\" data-format=\"mm\/dd\/yy\" data-restrict-type=\"\" data-restrict=\"\" data-start-year=\"1926\" data-end-year=\"2126\" data-past-dates=\"enable\" data-start-of-week=\"1\" data-start-date=\"\" data-end-date=\"\" data-start-field=\"\" data-end-field=\"\" data-start-offset=\"\" data-end-offset=\"\" data-disable-date=\"\" data-disable-range=\"\" \/><\/div><\/div><\/div><\/div><div class=\"forminator-row\"><div id=\"checkbox-2\" class=\"forminator-field-checkbox forminator-col forminator-col-4 \"><div role=\"group\" class=\"forminator-field required\" aria-labelledby=\"forminator-checkbox-group-forminator-field-checkbox-2-69d0099c10312-label\"><span id=\"forminator-checkbox-group-forminator-field-checkbox-2-69d0099c10312-label\" class=\"forminator-label\">Medeni Haliniz <span class=\"forminator-required\">*<\/span><\/span><label id=\"forminator-field-checkbox-2-1-69d0099c10312-label\" for=\"forminator-field-checkbox-2-1-69d0099c10312\" class=\"forminator-checkbox\" title=\"Evliyim\"><input type=\"checkbox\" name=\"checkbox-2[]\" value=\"one\" id=\"forminator-field-checkbox-2-1-69d0099c10312\" aria-labelledby=\"forminator-field-checkbox-2-1-69d0099c10312-label\" data-calculation=\"0\"  \/><span class=\"forminator-checkbox-box\" aria-hidden=\"true\"><\/span><span class=\"forminator-checkbox-label\">Evliyim<\/span><\/label><label id=\"forminator-field-checkbox-2-2-69d0099c10312-label\" for=\"forminator-field-checkbox-2-2-69d0099c10312\" class=\"forminator-checkbox\" title=\"Bekar\u0131m\"><input type=\"checkbox\" name=\"checkbox-2[]\" value=\"two\" id=\"forminator-field-checkbox-2-2-69d0099c10312\" aria-labelledby=\"forminator-field-checkbox-2-2-69d0099c10312-label\" data-calculation=\"0\"  \/><span class=\"forminator-checkbox-box\" aria-hidden=\"true\"><\/span><span class=\"forminator-checkbox-label\">Bekar\u0131m<\/span><\/label><label id=\"forminator-field-checkbox-2-3-69d0099c10312-label\" for=\"forminator-field-checkbox-2-3-69d0099c10312\" class=\"forminator-checkbox\" title=\"Evlilik Haz\u0131rl\u0131\u011f\u0131nday\u0131m\"><input type=\"checkbox\" name=\"checkbox-2[]\" value=\"Evlilik-Haz\u0131rl\u0131\u011f\u0131nday\u0131m\" id=\"forminator-field-checkbox-2-3-69d0099c10312\" aria-labelledby=\"forminator-field-checkbox-2-3-69d0099c10312-label\" data-calculation=\"0\"  \/><span class=\"forminator-checkbox-box\" aria-hidden=\"true\"><\/span><span class=\"forminator-checkbox-label\">Evlilik Haz\u0131rl\u0131\u011f\u0131nday\u0131m<\/span><\/label><\/div><\/div><div id=\"checkbox-3\" class=\"forminator-field-checkbox forminator-col forminator-col-4 \"><div role=\"group\" class=\"forminator-field required\" aria-labelledby=\"forminator-checkbox-group-forminator-field-checkbox-3-69d0099c10312-label\"><span id=\"forminator-checkbox-group-forminator-field-checkbox-3-69d0099c10312-label\" class=\"forminator-label\">\u00c7o\u00e7uk Durumu <span class=\"forminator-required\">*<\/span><\/span><label id=\"forminator-field-checkbox-3-1-69d0099c10312-label\" for=\"forminator-field-checkbox-3-1-69d0099c10312\" class=\"forminator-checkbox\" title=\"0\"><input type=\"checkbox\" name=\"checkbox-3[]\" value=\"one\" id=\"forminator-field-checkbox-3-1-69d0099c10312\" aria-labelledby=\"forminator-field-checkbox-3-1-69d0099c10312-label\" data-calculation=\"0\"  \/><span class=\"forminator-checkbox-box\" aria-hidden=\"true\"><\/span><span class=\"forminator-checkbox-label\">0<\/span><\/label><label id=\"forminator-field-checkbox-3-2-69d0099c10312-label\" for=\"forminator-field-checkbox-3-2-69d0099c10312\" class=\"forminator-checkbox\" title=\"1-2\"><input type=\"checkbox\" name=\"checkbox-3[]\" value=\"two\" id=\"forminator-field-checkbox-3-2-69d0099c10312\" aria-labelledby=\"forminator-field-checkbox-3-2-69d0099c10312-label\" data-calculation=\"0\"  \/><span class=\"forminator-checkbox-box\" aria-hidden=\"true\"><\/span><span class=\"forminator-checkbox-label\">1-2<\/span><\/label><label id=\"forminator-field-checkbox-3-3-69d0099c10312-label\" for=\"forminator-field-checkbox-3-3-69d0099c10312\" class=\"forminator-checkbox\" title=\"3-4\"><input type=\"checkbox\" name=\"checkbox-3[]\" value=\"3-4\" id=\"forminator-field-checkbox-3-3-69d0099c10312\" aria-labelledby=\"forminator-field-checkbox-3-3-69d0099c10312-label\" data-calculation=\"0\"  \/><span class=\"forminator-checkbox-box\" aria-hidden=\"true\"><\/span><span class=\"forminator-checkbox-label\">3-4<\/span><\/label><label id=\"forminator-field-checkbox-3-4-69d0099c10312-label\" for=\"forminator-field-checkbox-3-4-69d0099c10312\" class=\"forminator-checkbox\" title=\"5+\"><input type=\"checkbox\" name=\"checkbox-3[]\" value=\"5+\" id=\"forminator-field-checkbox-3-4-69d0099c10312\" aria-labelledby=\"forminator-field-checkbox-3-4-69d0099c10312-label\" data-calculation=\"0\"  \/><span class=\"forminator-checkbox-box\" aria-hidden=\"true\"><\/span><span class=\"forminator-checkbox-label\">5+<\/span><\/label><\/div><\/div><div id=\"checkbox-1\" class=\"forminator-field-checkbox forminator-col forminator-col-4 \"><div role=\"group\" class=\"forminator-field required\" aria-labelledby=\"forminator-checkbox-group-forminator-field-checkbox-1-69d0099c10312-label\"><span id=\"forminator-checkbox-group-forminator-field-checkbox-1-69d0099c10312-label\" class=\"forminator-label\">E\u011fitim Durumunuz <span class=\"forminator-required\">*<\/span><\/span><label id=\"forminator-field-checkbox-1-1-69d0099c10312-label\" for=\"forminator-field-checkbox-1-1-69d0099c10312\" class=\"forminator-checkbox\" title=\"\u0130lkokul - Ortaokul\"><input type=\"checkbox\" name=\"checkbox-1[]\" value=\"one\" id=\"forminator-field-checkbox-1-1-69d0099c10312\" aria-labelledby=\"forminator-field-checkbox-1-1-69d0099c10312-label\" data-calculation=\"0\"  \/><span class=\"forminator-checkbox-box\" aria-hidden=\"true\"><\/span><span class=\"forminator-checkbox-label\">\u0130lkokul - Ortaokul<\/span><\/label><label id=\"forminator-field-checkbox-1-2-69d0099c10312-label\" for=\"forminator-field-checkbox-1-2-69d0099c10312\" class=\"forminator-checkbox\" title=\"Lise\"><input type=\"checkbox\" name=\"checkbox-1[]\" value=\"two\" id=\"forminator-field-checkbox-1-2-69d0099c10312\" aria-labelledby=\"forminator-field-checkbox-1-2-69d0099c10312-label\" data-calculation=\"0\"  \/><span class=\"forminator-checkbox-box\" aria-hidden=\"true\"><\/span><span class=\"forminator-checkbox-label\">Lise<\/span><\/label><label id=\"forminator-field-checkbox-1-3-69d0099c10312-label\" for=\"forminator-field-checkbox-1-3-69d0099c10312\" class=\"forminator-checkbox\" title=\"\u00d6nlisans - Lisans\"><input type=\"checkbox\" name=\"checkbox-1[]\" value=\"\u00d6nlisans\" id=\"forminator-field-checkbox-1-3-69d0099c10312\" aria-labelledby=\"forminator-field-checkbox-1-3-69d0099c10312-label\" data-calculation=\"0\"  \/><span class=\"forminator-checkbox-box\" aria-hidden=\"true\"><\/span><span class=\"forminator-checkbox-label\">\u00d6nlisans - Lisans<\/span><\/label><label id=\"forminator-field-checkbox-1-4-69d0099c10312-label\" for=\"forminator-field-checkbox-1-4-69d0099c10312\" class=\"forminator-checkbox\" title=\"Y\u00fcksek lisans ve \u00fcst\u00fc\"><input type=\"checkbox\" name=\"checkbox-1[]\" value=\"Y\u00fckseklisans-ve-\u00fcst\u00fc\" id=\"forminator-field-checkbox-1-4-69d0099c10312\" aria-labelledby=\"forminator-field-checkbox-1-4-69d0099c10312-label\" data-calculation=\"0\"  \/><span class=\"forminator-checkbox-box\" aria-hidden=\"true\"><\/span><span class=\"forminator-checkbox-label\">Y\u00fcksek lisans ve \u00fcst\u00fc<\/span><\/label><\/div><\/div><\/div><div class=\"forminator-row\"><div id=\"select-2\" class=\"forminator-field-select forminator-col forminator-col-3 \"><div class=\"forminator-field\"><label for=\"forminator-form-1100__field--select-2_69d0099c10312\" id=\"forminator-form-1100__field--select-2_69d0099c10312-label\" class=\"forminator-label\">Askerlik durumunuz nedir?<\/label><div class=\"forminator-multiselect\" aria-labelledby=\"forminator-form-1100__field--select-2_69d0099c10312-label\"><label id=\"forminator-form-1100__field--select-2_69d0099c10312-1-label\" for=\"forminator-form-1100__field--select-2_69d0099c10312-1\" class=\"forminator-option\"><input type=\"checkbox\" name=\"select-2[]\" value=\"one\" id=\"forminator-form-1100__field--select-2_69d0099c10312-1\" aria-labelledby=\"forminator-form-1100__field--select-2_69d0099c10312-1-label\" data-calculation=\"0\"   \/>Yap\u0131ld\u0131<\/label><label id=\"forminator-form-1100__field--select-2_69d0099c10312-2-label\" for=\"forminator-form-1100__field--select-2_69d0099c10312-2\" class=\"forminator-option\"><input type=\"checkbox\" name=\"select-2[]\" value=\"two\" id=\"forminator-form-1100__field--select-2_69d0099c10312-2\" aria-labelledby=\"forminator-form-1100__field--select-2_69d0099c10312-2-label\" data-calculation=\"0\"   \/>Yap\u0131lmad\u0131<\/label><input type='hidden' name='select-2-multiselect-default-values' class='multiselect-default-values' value='' \/><\/div><\/div><\/div><div id=\"select-3\" class=\"forminator-field-select forminator-col forminator-col-3 \"><div class=\"forminator-field\"><label for=\"forminator-form-1100__field--select-3_69d0099c10312\" id=\"forminator-form-1100__field--select-3_69d0099c10312-label\" class=\"forminator-label\">Ara\u00e7 kullanabiliyor musunuz?<\/label><div class=\"forminator-multiselect\" aria-labelledby=\"forminator-form-1100__field--select-3_69d0099c10312-label\"><label id=\"forminator-form-1100__field--select-3_69d0099c10312-1-label\" for=\"forminator-form-1100__field--select-3_69d0099c10312-1\" class=\"forminator-option\"><input type=\"checkbox\" name=\"select-3[]\" value=\"one\" id=\"forminator-form-1100__field--select-3_69d0099c10312-1\" aria-labelledby=\"forminator-form-1100__field--select-3_69d0099c10312-1-label\" data-calculation=\"0\"   \/>Evet<\/label><label id=\"forminator-form-1100__field--select-3_69d0099c10312-2-label\" for=\"forminator-form-1100__field--select-3_69d0099c10312-2\" class=\"forminator-option\"><input type=\"checkbox\" name=\"select-3[]\" value=\"two\" id=\"forminator-form-1100__field--select-3_69d0099c10312-2\" aria-labelledby=\"forminator-form-1100__field--select-3_69d0099c10312-2-label\" data-calculation=\"0\"   \/>Hay\u0131r<\/label><input type='hidden' name='select-3-multiselect-default-values' class='multiselect-default-values' value='' \/><\/div><\/div><\/div><div id=\"select-4\" class=\"forminator-field-select forminator-col forminator-col-3 \"><div class=\"forminator-field\"><label for=\"forminator-form-1100__field--select-4_69d0099c10312\" id=\"forminator-form-1100__field--select-4_69d0099c10312-label\" class=\"forminator-label\">Hafta sonlar\u0131 \u00e7al\u0131\u015f\u0131r m\u0131s\u0131n\u0131z?<\/label><div class=\"forminator-multiselect\" aria-labelledby=\"forminator-form-1100__field--select-4_69d0099c10312-label\"><label id=\"forminator-form-1100__field--select-4_69d0099c10312-1-label\" for=\"forminator-form-1100__field--select-4_69d0099c10312-1\" class=\"forminator-option\"><input type=\"checkbox\" name=\"select-4[]\" value=\"one\" id=\"forminator-form-1100__field--select-4_69d0099c10312-1\" aria-labelledby=\"forminator-form-1100__field--select-4_69d0099c10312-1-label\" data-calculation=\"0\"   \/>Evet<\/label><label id=\"forminator-form-1100__field--select-4_69d0099c10312-2-label\" for=\"forminator-form-1100__field--select-4_69d0099c10312-2\" class=\"forminator-option\"><input type=\"checkbox\" name=\"select-4[]\" value=\"two\" id=\"forminator-form-1100__field--select-4_69d0099c10312-2\" aria-labelledby=\"forminator-form-1100__field--select-4_69d0099c10312-2-label\" data-calculation=\"0\"   \/>Hay\u0131r<\/label><input type='hidden' name='select-4-multiselect-default-values' class='multiselect-default-values' value='' \/><\/div><\/div><\/div><div id=\"select-1\" class=\"forminator-field-select forminator-col forminator-col-3 \"><div class=\"forminator-field\"><label for=\"forminator-form-1100__field--select-1_69d0099c10312\" id=\"forminator-form-1100__field--select-1_69d0099c10312-label\" class=\"forminator-label\">Seyahat engeliniz var m\u0131d\u0131r?<\/label><div class=\"forminator-multiselect\" aria-labelledby=\"forminator-form-1100__field--select-1_69d0099c10312-label\"><label id=\"forminator-form-1100__field--select-1_69d0099c10312-1-label\" for=\"forminator-form-1100__field--select-1_69d0099c10312-1\" class=\"forminator-option\"><input type=\"checkbox\" name=\"select-1[]\" value=\"one\" id=\"forminator-form-1100__field--select-1_69d0099c10312-1\" aria-labelledby=\"forminator-form-1100__field--select-1_69d0099c10312-1-label\" data-calculation=\"0\"   \/>Evet<\/label><label id=\"forminator-form-1100__field--select-1_69d0099c10312-2-label\" for=\"forminator-form-1100__field--select-1_69d0099c10312-2\" class=\"forminator-option\"><input type=\"checkbox\" name=\"select-1[]\" value=\"two\" id=\"forminator-form-1100__field--select-1_69d0099c10312-2\" aria-labelledby=\"forminator-form-1100__field--select-1_69d0099c10312-2-label\" data-calculation=\"0\"   \/>Hay\u0131r<\/label><input type='hidden' name='select-1-multiselect-default-values' class='multiselect-default-values' value='' \/><\/div><\/div><\/div><\/div><div class=\"forminator-row\"><div id=\"upload-1\" class=\"forminator-field-upload forminator-col forminator-col-12 \"><div class=\"forminator-field\"><label for=\"forminator-field-upload-1_69d0099c10312\" id=\"forminator-field-upload-1_69d0099c10312-label\" class=\"forminator-label\">Cv G\u00f6nder<\/label><div class=\"forminator-file-upload \" data-element=\"upload-1_69d0099c10312\"><input type=\"file\" name=\"upload-1\" id=\"forminator-field-upload-1_69d0099c10312\" class=\"forminator-input-file\" accept=\".webp,.txt,.asc,.c,.cc,.h,.srt,.csv,.tsv,.ics,.rtx,.vtt,.rtf,.tar,.zip,.gz,.gzip,.7z,.xla,.xls,.xlt,.xlw,.xlsx,.xlsm,.xlsb,.xltx,.xltm,.xlam,.ods,.numbers,.svgz,.json,.doc,.pot,.pps,.ppt,.wri,.mdb,.mpp,.docx,.docm,.dotx,.dotm,.onetoc,.onetoc2,.onetmp,.onepkg,.odt,.odp,.odg,.odc,.odb,.odf,.pages,.wp,.wpd,.pdf,.oxps,.xps,.jpg,.jpeg,.jpe,.gif,.png,.bmp,.tiff,.tif,.ico,.psd,.xcf,.heic,.pdf vb\" tabindex=\"-1\"><button id=\"forminator-field-upload-1_69d0099c10312_button\" class=\"forminator-button forminator-button-upload\" data-id=\"forminator-field-upload-1_69d0099c10312\">Dosya Se\u00e7<\/button><span data-empty-text=\"Dosya se\u00e7ilmedi\">Dosya se\u00e7ilmedi<\/span><button class=\"forminator-button-delete\" style=\"display: none;\"><i class=\"forminator-icon-close\" aria-hidden=\"true\"><\/i><span class=\"forminator-screen-reader-only\">Y\u00fcklenen dosyay\u0131 sil<\/span><\/button><\/div><\/div><\/div><\/div><div class=\"forminator-row\"><\/div><input type=\"hidden\" name=\"referer_url\" value=\"\" \/><div class=\"forminator-row forminator-row-last\"><div class=\"forminator-col\"><div class=\"forminator-field\"><button class=\"forminator-button forminator-button-submit\">Mesaj G&ouml;nder<\/button><\/div><\/div><\/div><input type=\"hidden\" id=\"forminator_nonce\" name=\"forminator_nonce\" value=\"2fab6c9a0b\" \/><input type=\"hidden\" name=\"_wp_http_referer\" value=\"\/en\/wp-json\/wp\/v2\/pages\/12\" \/><input type=\"hidden\" name=\"form_id\" value=\"1100\"><input type=\"hidden\" name=\"page_id\" value=\"12\"><input type=\"hidden\" name=\"form_type\" value=\"default\"><input type=\"hidden\" name=\"current_url\" value=\"https:\/\/dokutech.com.tr\/en\/career\/\"><input type=\"hidden\" name=\"render_id\" value=\"0\"><input type=\"hidden\" name=\"action\" value=\"forminator_submit_form_custom-forms\"><\/form><\/div>\n","protected":false},"excerpt":{"rendered":"","protected":false},"author":1,"featured_media":0,"parent":0,"menu_order":0,"comment_status":"closed","ping_status":"closed","template":"","meta":{"_uag_custom_page_level_css":"","footnotes":""},"class_list":["post-12","page","type-page","status-publish","hentry"],"uagb_featured_image_src":{"full":false,"thumbnail":false,"medium":false,"medium_large":false,"large":false,"1536x1536":false,"2048x2048":false,"yarpp-thumbnail":false},"uagb_author_info":{"display_name":"huseyinberk","author_link":"https:\/\/dokutech.com.tr\/en\/author\/huseyinberk\/"},"uagb_comment_info":0,"uagb_excerpt":null,"_links":{"self":[{"href":"https:\/\/dokutech.com.tr\/en\/wp-json\/wp\/v2\/pages\/12","targetHints":{"allow":["GET"]}}],"collection":[{"href":"https:\/\/dokutech.com.tr\/en\/wp-json\/wp\/v2\/pages"}],"about":[{"href":"https:\/\/dokutech.com.tr\/en\/wp-json\/wp\/v2\/types\/page"}],"author":[{"embeddable":true,"href":"https:\/\/dokutech.com.tr\/en\/wp-json\/wp\/v2\/users\/1"}],"replies":[{"embeddable":true,"href":"https:\/\/dokutech.com.tr\/en\/wp-json\/wp\/v2\/comments?post=12"}],"version-history":[{"count":1,"href":"https:\/\/dokutech.com.tr\/en\/wp-json\/wp\/v2\/pages\/12\/revisions"}],"predecessor-version":[{"id":1368,"href":"https:\/\/dokutech.com.tr\/en\/wp-json\/wp\/v2\/pages\/12\/revisions\/1368"}],"wp:attachment":[{"href":"https:\/\/dokutech.com.tr\/en\/wp-json\/wp\/v2\/media?parent=12"}],"curies":[{"name":"wp","href":"https:\/\/api.w.org\/{rel}","templated":true}]}}